{"id":3230,"date":"2022-07-15T20:13:22","date_gmt":"2022-07-15T20:13:22","guid":{"rendered":"https:\/\/impex.pe\/?page_id=3230"},"modified":"2022-07-27T15:44:36","modified_gmt":"2022-07-27T15:44:36","slug":"politicas-de-cookies","status":"publish","type":"page","link":"https:\/\/impex.pe\/en\/politicas-de-cookies\/","title":{"rendered":"Cookie Policies"},"content":{"rendered":"<p>La presente pol\u00edtica de cookies tiene por finalidad informarle de manera clara y precisa sobre las cookies que se utilizan en la p\u00e1gina web de <strong>IMPEXPRESS PERU S.A.C.<\/strong><\/p>\n\n\n\n<p><br>Al navegar por nuestro sitio web, estar\u00e1s aceptando el uso de las cookies en las condiciones establecidas en la presente Pol\u00edtica de cookies. Esta pol\u00edtica puede ser actualizada, por lo que te invitamos a revisarla de forma regular.<\/p>\n\n\n\n<p><strong>NOTA IMPORTANTE<\/strong>: Las cookies que catalogamos como propias son imprescindibles para poder navegar con normalidad por nuestro sitio web. No obstante, tienes la opci\u00f3n de deshabilitar y eliminar las cookies en el navegador.<\/p>\n\n\n\n<h2><strong>\u00bfQu\u00e9 son las cookies?<\/strong><\/h2>\n\n\n\n<p>Una cookie es un peque\u00f1o fragmento de texto que los sitios web que visita env\u00edan al navegador y que permite que el sitio web recuerde informaci\u00f3n sobre su visita, como su idioma preferido y otras opciones, con el fin de facilitar su pr\u00f3xima visita y hacer que el sitio le resulte m\u00e1s \u00fatil. Las cookies desempe\u00f1an un papel muy importante y contribuyen a tener una mejor experiencia de navegaci\u00f3n para el usuario.<\/p>\n\n\n\n<h2><strong>Tipos de cookies<\/strong><\/h2>\n\n\n\n<p>Seg\u00fan qui\u00e9n sea la entidad que gestione el dominio desde d\u00f3nde se env\u00edan las cookies y se traten los datos que se obtengan, se pueden distinguir dos tipos: cookies propias y cookies de terceros. Existe tambi\u00e9n una segunda clasificaci\u00f3n seg\u00fan el plazo de tiempo que permanecen almacenadas en el navegador del cliente, pudiendo tratarse de cookies de sesi\u00f3n o cookies persistentes. Por \u00faltimo, existe otra clasificaci\u00f3n con cinco tipos de cookies seg\u00fan la finalidad para la que se traten los datos obtenidos: cookies t\u00e9cnicas, cookies de personalizaci\u00f3n, cookies de an\u00e1lisis, cookies publicitarias y cookies de publicidad comportamental.<\/p>\n\n\n\n<h2><strong>Cookies utilizadas en la web<\/strong><\/h2>\n\n\n\n<p>A continuaci\u00f3n, se identifican las cookies que est\u00e1n siendo utilizadas en este portal, as\u00ed como su tipolog\u00eda y funci\u00f3n: La p\u00e1gina web de <strong>IMPEXPRESS PERU S.A.C.<\/strong> utiliza Google Analytics, un servicio de anal\u00edtica web desarrollada por Google, que permite la medici\u00f3n y an\u00e1lisis de la navegaci\u00f3n en las p\u00e1ginas web. En su navegador podr\u00e1 observar cookies de este servicio. Seg\u00fan la tipolog\u00eda anterior se trata de cookies propias, de sesi\u00f3n y de an\u00e1lisis.<br><\/p>\n\n\n\n<p>A trav\u00e9s de la anal\u00edtica web se obtiene informaci\u00f3n relativa al n\u00famero de usuarios que acceden a la web, el n\u00famero de p\u00e1ginas vistas, la frecuencia y repetici\u00f3n de las visitas, su duraci\u00f3n, el navegador utilizado, el operador que presta el servicio, el idioma, el terminal que utiliza y la ciudad a la que est\u00e1 asignada su direcci\u00f3n IP. Informaci\u00f3n que posibilita un mejor y m\u00e1s apropiado servicio por parte de este portal. Para garantizar el anonimato, Google convertir\u00e1 su informaci\u00f3n en an\u00f3nima truncando la direcci\u00f3n IP antes de almacenarla, de forma que Google Analytics no se usa para localizar o recabar informaci\u00f3n personal identificable de los visitantes del sitio. Google solo podr\u00e1 enviar la informaci\u00f3n recabada por Google Analytics a terceros cuanto est\u00e9 legalmente obligado a ello. Con arreglo a las condiciones de prestaci\u00f3n del servicio de Google Analytics, Google no asociar\u00e1 su direcci\u00f3n IP a ning\u00fan otro dato conservado por Google.<\/p>\n\n\n\n<h2>Aceptaci\u00f3n de la pol\u00edtica de cookies<\/h2>\n\n\n\n<p>Al marcar la casilla de verificaci\u00f3n<strong>&nbsp;\u201cAcepto Pol\u00edticas de Cookies\u201d<\/strong>&nbsp;se asume que usted acepta el uso de cookies.<\/p>\n\n\n\n<h2>\u00bfC\u00f3mo administrar las cookies en el navegador?<\/h2>\n\n\n\n<p>Los navegadores m\u00e1s populares tienen opciones de configuraci\u00f3n y funcionalidades de seguridad que te permiten evitar la instalaci\u00f3n de cookies y\/o de otros sistemas de recogida de datos de navegaci\u00f3n en tu dispositivo. Puedes configurar tu navegador para que rechace las cookies, pero esto podr\u00eda bloquear determinadas funcionalidades o limitar el acceso a algunos contenidos de nuestra web.<\/p>\n\n\n\n<p>Puedes consultar los pasos para deshabilitar la instalaci\u00f3n de cookies en las secciones de \u201cAyuda\u201d de las p\u00e1ginas web de cada navegador:.<\/p>\n\n\n\n<p><strong>Internet Explorer<\/strong>: Herramientas -&gt; Opciones de Internet -&gt; Privacidad -&gt; Avanzada.Para m\u00e1s informaci\u00f3n, puede consultar el soporte de Microsoft o la Ayuda del navegador.<\/p>\n\n\n\n<p><strong>Mozilla Firefox:<\/strong>&nbsp;Herramientas -&gt; Opciones -&gt; Privacidad -&gt; Historial -&gt; Configuraci\u00f3n Personalizada.Para m\u00e1s informaci\u00f3n, puede consultar el soporte de Mozilla o la Ayuda del navegador.<\/p>\n\n\n\n<p><strong>Google Chrome<\/strong>: Configuraci\u00f3n -&gt; Mostrar opciones avanzadas -&gt; Privacidad -&gt; Configuraci\u00f3n de contenido.Para m\u00e1s informaci\u00f3n, puede consultar el soporte de Google o la Ayuda del navegador.<\/p>\n\n\n\n<p><strong>Safari<\/strong>: Preferencias -&gt; Seguridad.Para m\u00e1s informaci\u00f3n, puede consultar el soporte de Apple o la Ayuda del navegador.<\/p>","protected":false},"excerpt":{"rendered":"<p>La presente pol\u00edtica de cookies tiene por finalidad informarle de manera clara y precisa sobre las cookies que se utilizan en la p\u00e1gina web de IMPEXPRESS PERU S.A.C. Al navegar por nuestro sitio web, estar\u00e1s aceptando el uso de las cookies en las condiciones establecidas en la presente Pol\u00edtica de cookies. Esta pol\u00edtica puede ser [&hellip;]<\/p>","protected":false},"author":1,"featured_media":0,"parent":0,"menu_order":0,"comment_status":"closed","ping_status":"closed","template":"","meta":[],"yoast_head":"<!-- This site is optimized with the Yoast SEO plugin v19.3 - https:\/\/yoast.com\/wordpress\/plugins\/seo\/ -->\n<title>Pol\u00edticas de Cookies - Operador del comercio Exterior<\/title>\n<meta name=\"robots\" content=\"noindex, follow\" \/>\n<meta property=\"og:locale\" content=\"en_US\" \/>\n<meta property=\"og:type\" content=\"article\" \/>\n<meta property=\"og:title\" content=\"Pol\u00edticas de Cookies - Operador del comercio Exterior\" \/>\n<meta property=\"og:description\" content=\"La presente pol\u00edtica de cookies tiene por finalidad informarle de manera clara y precisa sobre las cookies que se utilizan en la p\u00e1gina web de IMPEXPRESS PERU S.A.C. Al navegar por nuestro sitio web, estar\u00e1s aceptando el uso de las cookies en las condiciones establecidas en la presente Pol\u00edtica de cookies. Esta pol\u00edtica puede ser [&hellip;]\" \/>\n<meta property=\"og:url\" content=\"https:\/\/impex.pe\/en\/politicas-de-cookies\/\" \/>\n<meta property=\"og:site_name\" content=\"Operador del comercio Exterior\" \/>\n<meta property=\"article:modified_time\" content=\"2022-07-27T15:44:36+00:00\" \/>\n<meta name=\"twitter:card\" content=\"summary_large_image\" \/>\n<meta name=\"twitter:label1\" content=\"Est. reading time\" \/>\n\t<meta name=\"twitter:data1\" content=\"4 minutes\" \/>\n<script type=\"application\/ld+json\" class=\"yoast-schema-graph\">{\"@context\":\"https:\/\/schema.org\",\"@graph\":[{\"@type\":\"Organization\",\"@id\":\"https:\/\/impex.pe\/#organization\",\"name\":\"Impex Group\",\"url\":\"https:\/\/impex.pe\/\",\"sameAs\":[],\"logo\":{\"@type\":\"ImageObject\",\"inLanguage\":\"en-US\",\"@id\":\"https:\/\/impex.pe\/#\/schema\/logo\/image\/\",\"url\":\"https:\/\/impex.pe\/wp-content\/uploads\/2022\/07\/logo_impex.png\",\"contentUrl\":\"https:\/\/impex.pe\/wp-content\/uploads\/2022\/07\/logo_impex.png\",\"width\":217,\"height\":70,\"caption\":\"Impex Group\"},\"image\":{\"@id\":\"https:\/\/impex.pe\/#\/schema\/logo\/image\/\"}},{\"@type\":\"WebSite\",\"@id\":\"https:\/\/impex.pe\/#website\",\"url\":\"https:\/\/impex.pe\/\",\"name\":\"Operador del comercio Exterior\",\"description\":\"Operador\",\"publisher\":{\"@id\":\"https:\/\/impex.pe\/#organization\"},\"potentialAction\":[{\"@type\":\"SearchAction\",\"target\":{\"@type\":\"EntryPoint\",\"urlTemplate\":\"https:\/\/impex.pe\/?s={search_term_string}\"},\"query-input\":\"required name=search_term_string\"}],\"inLanguage\":\"en-US\"},{\"@type\":\"WebPage\",\"@id\":\"https:\/\/impex.pe\/politicas-de-cookies\/\",\"url\":\"https:\/\/impex.pe\/politicas-de-cookies\/\",\"name\":\"Pol\u00edticas de Cookies - Operador del comercio Exterior\",\"isPartOf\":{\"@id\":\"https:\/\/impex.pe\/#website\"},\"datePublished\":\"2022-07-15T20:13:22+00:00\",\"dateModified\":\"2022-07-27T15:44:36+00:00\",\"breadcrumb\":{\"@id\":\"https:\/\/impex.pe\/politicas-de-cookies\/#breadcrumb\"},\"inLanguage\":\"en-US\",\"potentialAction\":[{\"@type\":\"ReadAction\",\"target\":[\"https:\/\/impex.pe\/politicas-de-cookies\/\"]}]},{\"@type\":\"BreadcrumbList\",\"@id\":\"https:\/\/impex.pe\/politicas-de-cookies\/#breadcrumb\",\"itemListElement\":[{\"@type\":\"ListItem\",\"position\":1,\"name\":\"Portada\",\"item\":\"https:\/\/impex.pe\/\"},{\"@type\":\"ListItem\",\"position\":2,\"name\":\"Pol\u00edticas de Cookies\"}]}]}<\/script>\n<!-- \/ Yoast SEO plugin. -->","yoast_head_json":{"title":"Pol\u00edticas de Cookies - Operador del comercio Exterior","robots":{"index":"noindex","follow":"follow"},"og_locale":"en_US","og_type":"article","og_title":"Pol\u00edticas de Cookies - Operador del comercio Exterior","og_description":"La presente pol\u00edtica de cookies tiene por finalidad informarle de manera clara y precisa sobre las cookies que se utilizan en la p\u00e1gina web de IMPEXPRESS PERU S.A.C. Al navegar por nuestro sitio web, estar\u00e1s aceptando el uso de las cookies en las condiciones establecidas en la presente Pol\u00edtica de cookies. Esta pol\u00edtica puede ser [&hellip;]","og_url":"https:\/\/impex.pe\/en\/politicas-de-cookies\/","og_site_name":"Operador del comercio Exterior","article_modified_time":"2022-07-27T15:44:36+00:00","twitter_card":"summary_large_image","twitter_misc":{"Est. reading time":"4 minutes"},"schema":{"@context":"https:\/\/schema.org","@graph":[{"@type":"Organization","@id":"https:\/\/impex.pe\/#organization","name":"Impex Group","url":"https:\/\/impex.pe\/","sameAs":[],"logo":{"@type":"ImageObject","inLanguage":"en-US","@id":"https:\/\/impex.pe\/#\/schema\/logo\/image\/","url":"https:\/\/impex.pe\/wp-content\/uploads\/2022\/07\/logo_impex.png","contentUrl":"https:\/\/impex.pe\/wp-content\/uploads\/2022\/07\/logo_impex.png","width":217,"height":70,"caption":"Impex Group"},"image":{"@id":"https:\/\/impex.pe\/#\/schema\/logo\/image\/"}},{"@type":"WebSite","@id":"https:\/\/impex.pe\/#website","url":"https:\/\/impex.pe\/","name":"Operador del comercio Exterior","description":"Operador","publisher":{"@id":"https:\/\/impex.pe\/#organization"},"potentialAction":[{"@type":"SearchAction","target":{"@type":"EntryPoint","urlTemplate":"https:\/\/impex.pe\/?s={search_term_string}"},"query-input":"required name=search_term_string"}],"inLanguage":"en-US"},{"@type":"WebPage","@id":"https:\/\/impex.pe\/politicas-de-cookies\/","url":"https:\/\/impex.pe\/politicas-de-cookies\/","name":"Pol\u00edticas de Cookies - Operador del comercio Exterior","isPartOf":{"@id":"https:\/\/impex.pe\/#website"},"datePublished":"2022-07-15T20:13:22+00:00","dateModified":"2022-07-27T15:44:36+00:00","breadcrumb":{"@id":"https:\/\/impex.pe\/politicas-de-cookies\/#breadcrumb"},"inLanguage":"en-US","potentialAction":[{"@type":"ReadAction","target":["https:\/\/impex.pe\/politicas-de-cookies\/"]}]},{"@type":"BreadcrumbList","@id":"https:\/\/impex.pe\/politicas-de-cookies\/#breadcrumb","itemListElement":[{"@type":"ListItem","position":1,"name":"Portada","item":"https:\/\/impex.pe\/"},{"@type":"ListItem","position":2,"name":"Pol\u00edticas de Cookies"}]}]}},"_links":{"self":[{"href":"https:\/\/impex.pe\/en\/wp-json\/wp\/v2\/pages\/3230"}],"collection":[{"href":"https:\/\/impex.pe\/en\/wp-json\/wp\/v2\/pages"}],"about":[{"href":"https:\/\/impex.pe\/en\/wp-json\/wp\/v2\/types\/page"}],"author":[{"embeddable":true,"href":"https:\/\/impex.pe\/en\/wp-json\/wp\/v2\/users\/1"}],"replies":[{"embeddable":true,"href":"https:\/\/impex.pe\/en\/wp-json\/wp\/v2\/comments?post=3230"}],"version-history":[{"count":1,"href":"https:\/\/impex.pe\/en\/wp-json\/wp\/v2\/pages\/3230\/revisions"}],"predecessor-version":[{"id":3231,"href":"https:\/\/impex.pe\/en\/wp-json\/wp\/v2\/pages\/3230\/revisions\/3231"}],"wp:attachment":[{"href":"https:\/\/impex.pe\/en\/wp-json\/wp\/v2\/media?parent=3230"}],"curies":[{"name":"wp","href":"https:\/\/api.w.org\/{rel}","templated":true}]}}