{"id":3210,"date":"2022-07-15T12:45:00","date_gmt":"2022-07-15T12:45:00","guid":{"rendered":"https:\/\/impex.pe\/?page_id=3210"},"modified":"2022-07-15T13:37:29","modified_gmt":"2022-07-15T13:37:29","slug":"libro-de-reclamaciones","status":"publish","type":"page","link":"https:\/\/impex.pe\/en\/libro-de-reclamaciones\/","title":{"rendered":"Complaints book"},"content":{"rendered":"<div data-elementor-type=\"wp-page\" data-elementor-id=\"3210\" class=\"elementor elementor-3210\" data-elementor-settings=\"[]\">\n\t\t\t\t\t\t\t<div class=\"elementor-section-wrap\">\n\t\t\t\t\t\t\t<section class=\"elementor-section elementor-top-section elementor-element elementor-element-8e64689 elementor-section-boxed elementor-section-height-default elementor-section-height-default\" data-id=\"8e64689\" data-element_type=\"section\">\n\t\t\t\t\t\t<div class=\"elementor-container elementor-column-gap-default\">\n\t\t\t\t\t<div class=\"elementor-column elementor-col-50 elementor-top-column elementor-element elementor-element-3a40ff4\" data-id=\"3a40ff4\" data-element_type=\"column\">\n\t\t\t<div class=\"elementor-widget-wrap elementor-element-populated\">\n\t\t\t\t\t\t\t\t<section class=\"elementor-section elementor-inner-section elementor-element elementor-element-35a31e8 elementor-section-boxed elementor-section-height-default elementor-section-height-default\" data-id=\"35a31e8\" data-element_type=\"section\">\n\t\t\t\t\t\t<div class=\"elementor-container elementor-column-gap-default\">\n\t\t\t\t\t<div class=\"elementor-column elementor-col-100 elementor-inner-column elementor-element elementor-element-8b750e4\" data-id=\"8b750e4\" data-element_type=\"column\">\n\t\t\t<div class=\"elementor-widget-wrap elementor-element-populated\">\n\t\t\t\t\t\t\t\t<div class=\"elementor-element elementor-element-1677767 elementor-widget elementor-widget-section-head\" data-id=\"1677767\" data-element_type=\"widget\" data-widget_type=\"section-head.default\">\n\t\t\t\t<div class=\"elementor-widget-container\">\n\t\t\t\t\t<div class=\"section-title\">\r\n\t\t\t            <h2>\r\n            \t            \t<span class=\"tl1\" >Tus observaciones<\/span>\r\n            \t            \t<span class=\"tl2\" >nos permitir\u00e1n Mejorar<\/span>\r\n            \t            <\/h2>\r\n                  <\/div>\r\n\t\t\t<\/div>\n\t\t\t\t<\/div>\n\t\t\t\t<div class=\"elementor-element elementor-element-0a597ef elementor-widget elementor-widget-shortcode\" data-id=\"0a597ef\" data-element_type=\"widget\" data-widget_type=\"shortcode.default\">\n\t\t\t\t<div class=\"elementor-widget-container\">\n\t\t\t\t\t<div class=\"elementor-shortcode\"><div role=\"form\" class=\"wpcf7\" id=\"wpcf7-f3209-o1\" lang=\"es-PE\" dir=\"ltr\">\n<div class=\"screen-reader-response\"><p role=\"status\" aria-live=\"polite\" aria-atomic=\"true\"><\/p> <ul><\/ul><\/div>\n<form action=\"\/en\/wp-json\/wp\/v2\/pages\/3210#wpcf7-f3209-o1\" method=\"post\" class=\"wpcf7-form init\" novalidate=\"novalidate\" data-status=\"init\" data-trp-original-action=\"\/en\/wp-json\/wp\/v2\/pages\/3210#wpcf7-f3209-o1\">\n<div style=\"display: none;\">\n<input type=\"hidden\" name=\"_wpcf7\" value=\"3209\" \/>\n<input type=\"hidden\" name=\"_wpcf7_version\" value=\"5.6\" \/>\n<input type=\"hidden\" name=\"_wpcf7_locale\" value=\"es_PE\" \/>\n<input type=\"hidden\" name=\"_wpcf7_unit_tag\" value=\"wpcf7-f3209-o1\" \/>\n<input type=\"hidden\" name=\"_wpcf7_container_post\" value=\"0\" \/>\n<input type=\"hidden\" name=\"_wpcf7_posted_data_hash\" value=\"\" \/>\n<\/div>\n<div class=\"third-cta-form\" style=\"padding-right:0px\">\n<h4 class=\"third-cta-title\">Personal information<\/h4>\n<div class=\"personal-data-wrap\">\n<div class=\"personal-input-box\"><span class=\"wpcf7-form-control-wrap\" data-name=\"fecha\"><input type=\"date\" name=\"fecha\" value=\"Fecha\" class=\"wpcf7-form-control wpcf7-date wpcf7-validates-as-required wpcf7-validates-as-date\" min=\"2022-01-01\" aria-required=\"true\" aria-invalid=\"false\" \/><\/span><\/div>\n<\/div>\n<div class=\"personal-data-wrap\">\n<div class=\"personal-input-box\"><i class=\"fal fa-user\"><\/i><span class=\"wpcf7-form-control-wrap\" data-name=\"your-l-name\"><input type=\"text\" name=\"your-l-name\" value=\"\" size=\"40\" class=\"wpcf7-form-control wpcf7-text wpcf7-validates-as-required\" aria-required=\"true\" aria-invalid=\"false\" placeholder=\"Names\" \/><\/span><\/div>\n<div class=\"personal-input-box\"><i class=\"fal fa-user\"><\/i><span class=\"wpcf7-form-control-wrap\" data-name=\"your-lastname\"><input type=\"text\" name=\"your-lastname\" value=\"\" size=\"40\" class=\"wpcf7-form-control wpcf7-text wpcf7-validates-as-required\" aria-required=\"true\" aria-invalid=\"false\" placeholder=\"Apellidos\" \/><\/span><\/div>\n<\/div>\n<div class=\"shipment-data-wrap\">\n<div class=\"personal-input-box\"><i class=\"far fa-envelope\"><\/i><span class=\"wpcf7-form-control-wrap\" data-name=\"your-email\"><input type=\"email\" name=\"your-email\" value=\"\" size=\"40\" class=\"wpcf7-form-control wpcf7-text wpcf7-email wpcf7-validates-as-required wpcf7-validates-as-email\" aria-required=\"true\" aria-invalid=\"false\" placeholder=\"email\" \/><\/span><\/div>\n<div class=\"personal-input-box\"><i class=\"fal fa-phone\"><\/i><span class=\"wpcf7-form-control-wrap\" data-name=\"telefono\"><input type=\"tel\" name=\"telefono\" value=\"\" size=\"40\" class=\"wpcf7-form-control wpcf7-text wpcf7-tel wpcf7-validates-as-required wpcf7-validates-as-tel\" aria-required=\"true\" aria-invalid=\"false\" placeholder=\"Phones\" \/><\/span><\/div>\n<\/div>\n<div class=\"personal-data-wrap\">\n<div class=\"shipment-info-box\">\n<span class=\"wpcf7-form-control-wrap\" data-name=\"shipment-select-tip\"><select name=\"shipment-select-tip\" class=\"wpcf7-form-control wpcf7-select custom-select\" aria-invalid=\"false\"><option value=\"Tipo documento\">Tipo documento<\/option><option value=\"DNI\">DNI<\/option><option value=\"Pasaporte\">Pasaporte<\/option><option value=\"Carnet de Extranjer\u00eda\">Carnet de Extranjer\u00eda<\/option><\/select><\/span>\n<\/div>\n<div class=\"personal-input-box\"><i class=\"fal fa-user\"><\/i><span class=\"wpcf7-form-control-wrap\" data-name=\"your-f-docu\"><input type=\"text\" name=\"your-f-docu\" value=\"\" size=\"40\" class=\"wpcf7-form-control wpcf7-text wpcf7-validates-as-required\" aria-required=\"true\" aria-invalid=\"false\" placeholder=\"N\u00ba Documento\" \/><\/span><\/div>\n<\/div>\n<div class=\"personal-data-wrap\">\n<div class=\"personal-input-box\"><i class=\"far fa-map-marker-alt\"><\/i><span class=\"wpcf7-form-control-wrap\" data-name=\"your-l-depa\"><input type=\"text\" name=\"your-l-depa\" value=\"\" size=\"40\" class=\"wpcf7-form-control wpcf7-text wpcf7-validates-as-required\" aria-required=\"true\" aria-invalid=\"false\" placeholder=\"Departamento\" \/><\/span><\/div>\n<div class=\"personal-input-box\"><i class=\"far fa-map-marker-alt\"><\/i><span class=\"wpcf7-form-control-wrap\" data-name=\"your-l-provi\"><input type=\"text\" name=\"your-l-provi\" value=\"\" size=\"40\" class=\"wpcf7-form-control wpcf7-text wpcf7-validates-as-required\" aria-required=\"true\" aria-invalid=\"false\" placeholder=\"Provincia\" \/><\/span><\/div>\n<\/div>\n<div class=\"personal-data-wrap\">\n<div class=\"personal-input-box\"><i class=\"far fa-map-marker-alt\"><\/i><span class=\"wpcf7-form-control-wrap\" data-name=\"your-l-distri\"><input type=\"text\" name=\"your-l-distri\" value=\"\" size=\"40\" class=\"wpcf7-form-control wpcf7-text wpcf7-validates-as-required\" aria-required=\"true\" aria-invalid=\"false\" placeholder=\"Distrito\" \/><\/span><\/div>\n<div class=\"personal-input-box\"><i class=\"far fa-map\"><\/i><span class=\"wpcf7-form-control-wrap\" data-name=\"your-l-direcc\"><input type=\"text\" name=\"your-l-direcc\" value=\"\" size=\"40\" class=\"wpcf7-form-control wpcf7-text wpcf7-validates-as-required\" aria-required=\"true\" aria-invalid=\"false\" placeholder=\"Direccion\" \/><\/span><\/div>\n<\/div>\n<div class=\"personal-data-wrap\">\n<div class=\"personal-input-box\"><i class=\"fal fa-user\"><\/i><span class=\"wpcf7-form-control-wrap\" data-name=\"your-l-monto\"><input type=\"text\" name=\"your-l-monto\" value=\"\" size=\"40\" class=\"wpcf7-form-control wpcf7-text wpcf7-validates-as-required\" aria-required=\"true\" aria-invalid=\"false\" placeholder=\"Monto del Servicio\" \/><\/span><\/div>\n<div class=\"shipment-info-box\"><span class=\"wpcf7-form-control-wrap\" data-name=\"shipment-select\"><select name=\"shipment-select\" class=\"wpcf7-form-control wpcf7-select custom-select\" aria-invalid=\"false\"><option value=\"Tipo reclamo\">Tipo reclamo<\/option><option value=\"Reclamo\">Reclamo<\/option><option value=\"Queja\">Queja<\/option><\/select><\/span><\/div>\n<\/div>\n<div class=\"f-group\"><i class=\"far fa-user\"><\/i><span class=\"wpcf7-form-control-wrap\" data-name=\"your-nguia\"><input type=\"text\" name=\"your-nguia\" value=\"\" size=\"40\" class=\"wpcf7-form-control wpcf7-text wpcf7-validates-as-required\" aria-required=\"true\" aria-invalid=\"false\" placeholder=\"N. Guia\" \/><\/span><\/div>\n<div class=\"f-group\"><i class=\"fal fa-edit\"><\/i> <span class=\"wpcf7-form-control-wrap\" data-name=\"your-message\"><textarea name=\"your-message\" cols=\"40\" rows=\"10\" class=\"wpcf7-form-control wpcf7-textarea\" aria-invalid=\"false\" placeholder=\"Message\"><\/textarea><\/span><\/div>\n<h4 class=\"third-cta-title\">Terms and Conditions<\/h4>\n<div class=\"extra-services-list\">\n<span class=\"wpcf7-form-control-wrap\" data-name=\"your-options\"><span class=\"wpcf7-form-control wpcf7-checkbox\"><span class=\"wpcf7-list-item first\"><input type=\"checkbox\" name=\"your-options[]\" value=\"Acepto los t\u00e9rminos y condiciones del contrato\" \/><span class=\"wpcf7-list-item-label\">I accept the terms and conditions of the contract<\/span><\/span><span class=\"wpcf7-list-item last\"><input type=\"checkbox\" name=\"your-options[]\" value=\"Accepto Pol\u00edticas de Cookies\" \/><span class=\"wpcf7-list-item-label\">I accept Cookies Policies<\/span><\/span><\/span><\/span>\n<\/div>\n<p><button class=\"btn orange-btn\">Submit record<\/button>\n<\/div>\n<div class=\"wpcf7-response-output\" aria-hidden=\"true\"><\/div><input type=\"hidden\" name=\"trp-form-language\" value=\"en\"\/><\/form><\/div><\/div>\n\t\t\t\t<\/div>\n\t\t\t\t<\/div>\n\t\t\t\t\t<\/div>\n\t\t<\/div>\n\t\t\t\t\t\t\t<\/div>\n\t\t<\/section>\n\t\t\t\t\t<\/div>\n\t\t<\/div>\n\t\t\t\t<div class=\"elementor-column elementor-col-50 elementor-top-column elementor-element elementor-element-9384d64\" data-id=\"9384d64\" data-element_type=\"column\">\n\t\t\t<div class=\"elementor-widget-wrap elementor-element-populated\">\n\t\t\t\t\t\t\t\t<div class=\"elementor-element elementor-element-131d603 elementor-widget elementor-widget-section-head\" data-id=\"131d603\" data-element_type=\"widget\" data-widget_type=\"section-head.default\">\n\t\t\t\t<div class=\"elementor-widget-container\">\n\t\t\t\t\t<div class=\"section-title\">\r\n\t\t\t            <h2>\r\n            \t            \t<span class=\"tl1\" >Identificaci\u00f3n del consumidor<\/span>\r\n            \t            <\/h2>\r\n                  <\/div>\r\n\t\t\t<\/div>\n\t\t\t\t<\/div>\n\t\t\t\t<div class=\"elementor-element elementor-element-b8a32a4 elementor-widget elementor-widget-text-editor\" data-id=\"b8a32a4\" data-element_type=\"widget\" data-widget_type=\"text-editor.default\">\n\t\t\t\t<div class=\"elementor-widget-container\">\n\t\t\t<style>\/*! elementor - v3.5.5 - 03-02-2022 *\/\n.elementor-widget-text-editor.elementor-drop-cap-view-stacked .elementor-drop-cap{background-color:#818a91;color:#fff}.elementor-widget-text-editor.elementor-drop-cap-view-framed .elementor-drop-cap{color:#818a91;border:3px solid;background-color:transparent}.elementor-widget-text-editor:not(.elementor-drop-cap-view-default) .elementor-drop-cap{margin-top:8px}.elementor-widget-text-editor:not(.elementor-drop-cap-view-default) .elementor-drop-cap-letter{width:1em;height:1em}.elementor-widget-text-editor .elementor-drop-cap{float:left;text-align:center;line-height:1;font-size:50px}.elementor-widget-text-editor .elementor-drop-cap-letter{display:inline-block}<\/style>\t\t\t\t<div>\u00a1Estimado cliente! Te contamos que, conforme a lo establecido en el c\u00f3digo de la Protecci\u00f3n y Defensa del Consumidor contamos con un Libro de Reclamaciones a tu disposici\u00f3n para que puedas registrar tu queja o reclamo acerca de alg\u00fan pedido,transacci\u00f3n o servicio prestado por nuestra empresa.<\/div><div>\u00a0<\/div><div><div><div><strong>NOTA IMPORTANTE:<\/strong><\/div><div><div><div>En caso el consumidor no consigne como m\u00ednimo su nombre, DNI, domicilio o correo electr\u00f3nico, fecha de reclamo o queja, y el detalle de los mismos, \u00e9stos se considerar\u00e1n como no presentados (art. 5 D.S. 006-2014-PCM). La formulaci\u00f3n del reclamo no impide acudir a otras v\u00edas de soluci\u00f3n de controversias ni es requisito previo para una denuncia ante el INDECOPI. El proveedor deber\u00e1 dar respuesta al reclamo en un plazo no mayor de treinta (30) d\u00edas calendario, pudiendo ampliar el plazo hasta treinta (30) d\u00edas m\u00e1s, previa comunicaci\u00f3n al consumidor.<\/div><div>\u00a0<\/div><\/div><div><div><div><strong>RECLAMO:<\/strong><\/div><div><div><div>Disconformidad relacionada a los productos o servicios.<\/div><div>\u00a0<\/div><div><div><div><strong>QUEJA:<\/strong><\/div><div><div><div>Disconformidad no relacionada a los productos , servicios , malestar o descontento con \u00a0respecto a la atenci\u00f3n al p\u00fablico.<\/div><\/div><\/div><\/div><\/div><\/div><\/div><\/div><\/div><\/div><\/div><\/div>\t\t\t\t\t\t<\/div>\n\t\t\t\t<\/div>\n\t\t\t\t\t<\/div>\n\t\t<\/div>\n\t\t\t\t\t\t\t<\/div>\n\t\t<\/section>\n\t\t\t\t\t\t<\/div>\n\t\t\t\t\t<\/div>","protected":false},"excerpt":{"rendered":"<p>Tus observaciones nos permitir\u00e1n Mejorar Identificaci\u00f3n del consumidor \u00a1Estimado cliente! Te contamos que, conforme a lo establecido en el c\u00f3digo de la Protecci\u00f3n y Defensa del Consumidor contamos con un Libro de Reclamaciones a tu disposici\u00f3n para que puedas registrar tu queja o reclamo acerca de alg\u00fan pedido,transacci\u00f3n o servicio prestado por nuestra empresa.\u00a0NOTA IMPORTANTE:En [&hellip;]<\/p>","protected":false},"author":1,"featured_media":0,"parent":0,"menu_order":0,"comment_status":"closed","ping_status":"closed","template":"page-template\/blank-page-sidebar.php","meta":[],"yoast_head":"<!-- This site is optimized with the Yoast SEO plugin v19.3 - https:\/\/yoast.com\/wordpress\/plugins\/seo\/ -->\n<title>Libro de Reclamaciones - Operador del comercio Exterior<\/title>\n<meta name=\"robots\" content=\"index, follow, max-snippet:-1, max-image-preview:large, max-video-preview:-1\" \/>\n<link rel=\"canonical\" href=\"https:\/\/impex.pe\/en\/libro-de-reclamaciones\/\" \/>\n<meta property=\"og:locale\" content=\"en_US\" \/>\n<meta property=\"og:type\" content=\"article\" \/>\n<meta property=\"og:title\" content=\"Libro de Reclamaciones - Operador del comercio Exterior\" \/>\n<meta property=\"og:description\" content=\"Tus observaciones nos permitir\u00e1n Mejorar Identificaci\u00f3n del consumidor \u00a1Estimado cliente! Te contamos que, conforme a lo establecido en el c\u00f3digo de la Protecci\u00f3n y Defensa del Consumidor contamos con un Libro de Reclamaciones a tu disposici\u00f3n para que puedas registrar tu queja o reclamo acerca de alg\u00fan pedido,transacci\u00f3n o servicio prestado por nuestra empresa.\u00a0NOTA IMPORTANTE:En [&hellip;]\" \/>\n<meta property=\"og:url\" content=\"https:\/\/impex.pe\/en\/libro-de-reclamaciones\/\" \/>\n<meta property=\"og:site_name\" content=\"Operador del comercio Exterior\" \/>\n<meta property=\"article:modified_time\" content=\"2022-07-15T13:37:29+00:00\" \/>\n<meta name=\"twitter:card\" content=\"summary_large_image\" \/>\n<meta name=\"twitter:label1\" content=\"Est. reading time\" \/>\n\t<meta name=\"twitter:data1\" content=\"1 minute\" \/>\n<script type=\"application\/ld+json\" class=\"yoast-schema-graph\">{\"@context\":\"https:\/\/schema.org\",\"@graph\":[{\"@type\":\"Organization\",\"@id\":\"https:\/\/impex.pe\/#organization\",\"name\":\"Impex Group\",\"url\":\"https:\/\/impex.pe\/\",\"sameAs\":[],\"logo\":{\"@type\":\"ImageObject\",\"inLanguage\":\"en-US\",\"@id\":\"https:\/\/impex.pe\/#\/schema\/logo\/image\/\",\"url\":\"https:\/\/impex.pe\/wp-content\/uploads\/2022\/07\/logo_impex.png\",\"contentUrl\":\"https:\/\/impex.pe\/wp-content\/uploads\/2022\/07\/logo_impex.png\",\"width\":217,\"height\":70,\"caption\":\"Impex Group\"},\"image\":{\"@id\":\"https:\/\/impex.pe\/#\/schema\/logo\/image\/\"}},{\"@type\":\"WebSite\",\"@id\":\"https:\/\/impex.pe\/#website\",\"url\":\"https:\/\/impex.pe\/\",\"name\":\"Operador del comercio Exterior\",\"description\":\"Operador\",\"publisher\":{\"@id\":\"https:\/\/impex.pe\/#organization\"},\"potentialAction\":[{\"@type\":\"SearchAction\",\"target\":{\"@type\":\"EntryPoint\",\"urlTemplate\":\"https:\/\/impex.pe\/?s={search_term_string}\"},\"query-input\":\"required name=search_term_string\"}],\"inLanguage\":\"en-US\"},{\"@type\":\"WebPage\",\"@id\":\"https:\/\/impex.pe\/libro-de-reclamaciones\/\",\"url\":\"https:\/\/impex.pe\/libro-de-reclamaciones\/\",\"name\":\"Libro de Reclamaciones - Operador del comercio Exterior\",\"isPartOf\":{\"@id\":\"https:\/\/impex.pe\/#website\"},\"datePublished\":\"2022-07-15T12:45:00+00:00\",\"dateModified\":\"2022-07-15T13:37:29+00:00\",\"breadcrumb\":{\"@id\":\"https:\/\/impex.pe\/libro-de-reclamaciones\/#breadcrumb\"},\"inLanguage\":\"en-US\",\"potentialAction\":[{\"@type\":\"ReadAction\",\"target\":[\"https:\/\/impex.pe\/libro-de-reclamaciones\/\"]}]},{\"@type\":\"BreadcrumbList\",\"@id\":\"https:\/\/impex.pe\/libro-de-reclamaciones\/#breadcrumb\",\"itemListElement\":[{\"@type\":\"ListItem\",\"position\":1,\"name\":\"Portada\",\"item\":\"https:\/\/impex.pe\/\"},{\"@type\":\"ListItem\",\"position\":2,\"name\":\"Libro de Reclamaciones\"}]}]}<\/script>\n<!-- \/ Yoast SEO plugin. -->","yoast_head_json":{"title":"Libro de Reclamaciones - Operador del comercio Exterior","robots":{"index":"index","follow":"follow","max-snippet":"max-snippet:-1","max-image-preview":"max-image-preview:large","max-video-preview":"max-video-preview:-1"},"canonical":"https:\/\/impex.pe\/en\/libro-de-reclamaciones\/","og_locale":"en_US","og_type":"article","og_title":"Libro de Reclamaciones - Operador del comercio Exterior","og_description":"Tus observaciones nos permitir\u00e1n Mejorar Identificaci\u00f3n del consumidor \u00a1Estimado cliente! Te contamos que, conforme a lo establecido en el c\u00f3digo de la Protecci\u00f3n y Defensa del Consumidor contamos con un Libro de Reclamaciones a tu disposici\u00f3n para que puedas registrar tu queja o reclamo acerca de alg\u00fan pedido,transacci\u00f3n o servicio prestado por nuestra empresa.\u00a0NOTA IMPORTANTE:En [&hellip;]","og_url":"https:\/\/impex.pe\/en\/libro-de-reclamaciones\/","og_site_name":"Operador del comercio Exterior","article_modified_time":"2022-07-15T13:37:29+00:00","twitter_card":"summary_large_image","twitter_misc":{"Est. reading time":"1 minute"},"schema":{"@context":"https:\/\/schema.org","@graph":[{"@type":"Organization","@id":"https:\/\/impex.pe\/#organization","name":"Impex Group","url":"https:\/\/impex.pe\/","sameAs":[],"logo":{"@type":"ImageObject","inLanguage":"en-US","@id":"https:\/\/impex.pe\/#\/schema\/logo\/image\/","url":"https:\/\/impex.pe\/wp-content\/uploads\/2022\/07\/logo_impex.png","contentUrl":"https:\/\/impex.pe\/wp-content\/uploads\/2022\/07\/logo_impex.png","width":217,"height":70,"caption":"Impex Group"},"image":{"@id":"https:\/\/impex.pe\/#\/schema\/logo\/image\/"}},{"@type":"WebSite","@id":"https:\/\/impex.pe\/#website","url":"https:\/\/impex.pe\/","name":"Operador del comercio Exterior","description":"Operador","publisher":{"@id":"https:\/\/impex.pe\/#organization"},"potentialAction":[{"@type":"SearchAction","target":{"@type":"EntryPoint","urlTemplate":"https:\/\/impex.pe\/?s={search_term_string}"},"query-input":"required name=search_term_string"}],"inLanguage":"en-US"},{"@type":"WebPage","@id":"https:\/\/impex.pe\/libro-de-reclamaciones\/","url":"https:\/\/impex.pe\/libro-de-reclamaciones\/","name":"Libro de Reclamaciones - Operador del comercio Exterior","isPartOf":{"@id":"https:\/\/impex.pe\/#website"},"datePublished":"2022-07-15T12:45:00+00:00","dateModified":"2022-07-15T13:37:29+00:00","breadcrumb":{"@id":"https:\/\/impex.pe\/libro-de-reclamaciones\/#breadcrumb"},"inLanguage":"en-US","potentialAction":[{"@type":"ReadAction","target":["https:\/\/impex.pe\/libro-de-reclamaciones\/"]}]},{"@type":"BreadcrumbList","@id":"https:\/\/impex.pe\/libro-de-reclamaciones\/#breadcrumb","itemListElement":[{"@type":"ListItem","position":1,"name":"Portada","item":"https:\/\/impex.pe\/"},{"@type":"ListItem","position":2,"name":"Libro de Reclamaciones"}]}]}},"_links":{"self":[{"href":"https:\/\/impex.pe\/en\/wp-json\/wp\/v2\/pages\/3210"}],"collection":[{"href":"https:\/\/impex.pe\/en\/wp-json\/wp\/v2\/pages"}],"about":[{"href":"https:\/\/impex.pe\/en\/wp-json\/wp\/v2\/types\/page"}],"author":[{"embeddable":true,"href":"https:\/\/impex.pe\/en\/wp-json\/wp\/v2\/users\/1"}],"replies":[{"embeddable":true,"href":"https:\/\/impex.pe\/en\/wp-json\/wp\/v2\/comments?post=3210"}],"version-history":[{"count":7,"href":"https:\/\/impex.pe\/en\/wp-json\/wp\/v2\/pages\/3210\/revisions"}],"predecessor-version":[{"id":3220,"href":"https:\/\/impex.pe\/en\/wp-json\/wp\/v2\/pages\/3210\/revisions\/3220"}],"wp:attachment":[{"href":"https:\/\/impex.pe\/en\/wp-json\/wp\/v2\/media?parent=3210"}],"curies":[{"name":"wp","href":"https:\/\/api.w.org\/{rel}","templated":true}]}}