{"id":3195,"date":"2022-07-15T12:28:23","date_gmt":"2022-07-15T12:28:23","guid":{"rendered":"https:\/\/impex.pe\/?page_id=3195"},"modified":"2022-07-23T18:03:14","modified_gmt":"2022-07-23T18:03:14","slug":"afiliate","status":"publish","type":"page","link":"https:\/\/impex.pe\/en\/afiliate\/","title":{"rendered":"Sign up and get FREE advice"},"content":{"rendered":"<div data-elementor-type=\"wp-page\" data-elementor-id=\"3195\" class=\"elementor elementor-3195\" data-elementor-settings=\"[]\">\n\t\t\t\t\t\t\t<div class=\"elementor-section-wrap\">\n\t\t\t\t\t\t\t<section class=\"elementor-section elementor-top-section elementor-element elementor-element-a7f82b1 elementor-section-boxed elementor-section-height-default elementor-section-height-default\" data-id=\"a7f82b1\" data-element_type=\"section\">\n\t\t\t\t\t\t<div class=\"elementor-container elementor-column-gap-default\">\n\t\t\t\t\t<div class=\"elementor-column elementor-col-33 elementor-top-column elementor-element elementor-element-c47a66c\" data-id=\"c47a66c\" data-element_type=\"column\">\n\t\t\t<div class=\"elementor-widget-wrap elementor-element-populated\">\n\t\t\t\t\t\t\t\t<div class=\"elementor-element elementor-element-0814d2e elementor-widget elementor-widget-section-head\" data-id=\"0814d2e\" data-element_type=\"widget\" data-widget_type=\"section-head.default\">\n\t\t\t\t<div class=\"elementor-widget-container\">\n\t\t\t\t\t<div class=\"section-title\">\r\n\t\t\t            <h2>\r\n            \t            \t<span class=\"tl1\" >Register and buy online<\/span>\r\n            \t            <\/h2>\r\n                  <\/div>\r\n\t\t\t<\/div>\n\t\t\t\t<\/div>\n\t\t\t\t<div class=\"elementor-element elementor-element-748dc2e elementor-widget elementor-widget-image\" data-id=\"748dc2e\" data-element_type=\"widget\" data-widget_type=\"image.default\">\n\t\t\t\t<div class=\"elementor-widget-container\">\n\t\t\t<style>\/*! elementor - v3.5.5 - 03-02-2022 *\/\n.elementor-widget-image{text-align:center}.elementor-widget-image a{display:inline-block}.elementor-widget-image a img[src$=\".svg\"]{width:48px}.elementor-widget-image img{vertical-align:middle;display:inline-block}<\/style>\t\t\t\t\t\t\t\t\t\t\t\t<img width=\"648\" height=\"751\" src=\"https:\/\/impex.pe\/wp-content\/uploads\/2022\/07\/compras-online.png\" class=\"attachment-large size-large\" alt=\"\" loading=\"lazy\" srcset=\"https:\/\/impex.pe\/wp-content\/uploads\/2022\/07\/compras-online.png 648w, https:\/\/impex.pe\/wp-content\/uploads\/2022\/07\/compras-online-259x300.png 259w, https:\/\/impex.pe\/wp-content\/uploads\/2022\/07\/compras-online-69x80.png 69w\" sizes=\"(max-width: 648px) 100vw, 648px\" \/>\t\t\t\t\t\t\t\t\t\t\t\t\t\t\t<\/div>\n\t\t\t\t<\/div>\n\t\t\t\t\t<\/div>\n\t\t<\/div>\n\t\t\t\t<div class=\"elementor-column elementor-col-66 elementor-top-column elementor-element elementor-element-392176b\" data-id=\"392176b\" data-element_type=\"column\">\n\t\t\t<div class=\"elementor-widget-wrap elementor-element-populated\">\n\t\t\t\t\t\t\t\t<section class=\"elementor-section elementor-inner-section elementor-element elementor-element-d94d58c elementor-section-boxed elementor-section-height-default elementor-section-height-default\" data-id=\"d94d58c\" data-element_type=\"section\">\n\t\t\t\t\t\t<div class=\"elementor-container elementor-column-gap-default\">\n\t\t\t\t\t<div class=\"elementor-column elementor-col-50 elementor-inner-column elementor-element elementor-element-728a149\" data-id=\"728a149\" data-element_type=\"column\">\n\t\t\t<div class=\"elementor-widget-wrap\">\n\t\t\t\t\t\t\t\t\t<\/div>\n\t\t<\/div>\n\t\t\t\t<div class=\"elementor-column elementor-col-50 elementor-inner-column elementor-element elementor-element-ca2b00c\" data-id=\"ca2b00c\" data-element_type=\"column\">\n\t\t\t<div class=\"elementor-widget-wrap\">\n\t\t\t\t\t\t\t\t\t<\/div>\n\t\t<\/div>\n\t\t\t\t\t\t\t<\/div>\n\t\t<\/section>\n\t\t\t\t<div class=\"elementor-element elementor-element-f381847 elementor-widget elementor-widget-shortcode\" data-id=\"f381847\" data-element_type=\"widget\" data-widget_type=\"shortcode.default\">\n\t\t\t\t<div class=\"elementor-widget-container\">\n\t\t\t\t\t<div class=\"elementor-shortcode\"><div role=\"form\" class=\"wpcf7\" id=\"wpcf7-f3194-o1\" lang=\"es-PE\" dir=\"ltr\">\n<div class=\"screen-reader-response\"><p role=\"status\" aria-live=\"polite\" aria-atomic=\"true\"><\/p> <ul><\/ul><\/div>\n<form action=\"\/en\/wp-json\/wp\/v2\/pages\/3195#wpcf7-f3194-o1\" method=\"post\" class=\"wpcf7-form init\" novalidate=\"novalidate\" data-status=\"init\" data-trp-original-action=\"\/en\/wp-json\/wp\/v2\/pages\/3195#wpcf7-f3194-o1\">\n<div style=\"display: none;\">\n<input type=\"hidden\" name=\"_wpcf7\" value=\"3194\" \/>\n<input type=\"hidden\" name=\"_wpcf7_version\" value=\"5.6\" \/>\n<input type=\"hidden\" name=\"_wpcf7_locale\" value=\"es_PE\" \/>\n<input type=\"hidden\" name=\"_wpcf7_unit_tag\" value=\"wpcf7-f3194-o1\" \/>\n<input type=\"hidden\" name=\"_wpcf7_container_post\" value=\"0\" \/>\n<input type=\"hidden\" name=\"_wpcf7_posted_data_hash\" value=\"\" \/>\n<\/div>\n<div class=\"third-cta-form\" style=\"padding-right:0px\">\n<h4 class=\"third-cta-title\">Personal information<\/h4>\n<div class=\"personal-data-wrap\">\n<div class=\"shipment-info-box\">\n<span class=\"wpcf7-form-control-wrap\" data-name=\"shipment-select\"><select name=\"shipment-select\" class=\"wpcf7-form-control wpcf7-select custom-select\" aria-invalid=\"false\"><option value=\"Tipo\">Type<\/option><option value=\"Natural\">natural<\/option><option value=\"Juridico\">Legal<\/option><\/select><\/span>\n<\/div>\n<div class=\"personal-input-box\"><i class=\"fal fa-user\"><\/i><span class=\"wpcf7-form-control-wrap\" data-name=\"your-f-name\"><input type=\"text\" name=\"your-f-name\" value=\"\" size=\"40\" class=\"wpcf7-form-control wpcf7-text wpcf7-validates-as-required\" aria-required=\"true\" aria-invalid=\"false\" placeholder=\"DNI\/RUC\" \/><\/span><\/div>\n<\/div>\n<div class=\"personal-data-wrap\">\n<div class=\"personal-input-box\"><i class=\"fal fa-user\"><\/i><span class=\"wpcf7-form-control-wrap\" data-name=\"your-l-name\"><input type=\"text\" name=\"your-l-name\" value=\"\" size=\"40\" class=\"wpcf7-form-control wpcf7-text wpcf7-validates-as-required\" aria-required=\"true\" aria-invalid=\"false\" placeholder=\"Names\" \/><\/span><\/div>\n<div class=\"personal-input-box\"><i class=\"fal fa-map-marker-alt\"><\/i><span class=\"wpcf7-form-control-wrap\" data-name=\"your-l-direcc\"><input type=\"text\" name=\"your-l-direcc\" value=\"\" size=\"40\" class=\"wpcf7-form-control wpcf7-text wpcf7-validates-as-required\" aria-required=\"true\" aria-invalid=\"false\" placeholder=\"Address\" \/><\/span><\/div>\n<\/div>\n<div class=\"shipment-data-wrap\">\n<div class=\"personal-input-box\"><i class=\"far fa-envelope\"><\/i><span class=\"wpcf7-form-control-wrap\" data-name=\"your-email\"><input type=\"email\" name=\"your-email\" value=\"\" size=\"40\" class=\"wpcf7-form-control wpcf7-text wpcf7-email wpcf7-validates-as-required wpcf7-validates-as-email\" aria-required=\"true\" aria-invalid=\"false\" placeholder=\"email\" \/><\/span><\/div>\n<div class=\"personal-input-box\"><i class=\"fal fa-phone\"><\/i><span class=\"wpcf7-form-control-wrap\" data-name=\"telefono\"><input type=\"tel\" name=\"telefono\" value=\"\" size=\"40\" class=\"wpcf7-form-control wpcf7-text wpcf7-tel wpcf7-validates-as-required wpcf7-validates-as-tel\" aria-required=\"true\" aria-invalid=\"false\" placeholder=\"Phones\" \/><\/span><\/div>\n<\/div>\n<h4 class=\"third-cta-title\">Terms and Conditions<\/h4>\n<div class=\"extra-services-list\">\n<span class=\"wpcf7-form-control-wrap\" data-name=\"your-options\"><span class=\"wpcf7-form-control wpcf7-checkbox\"><span class=\"wpcf7-list-item first\"><input type=\"checkbox\" name=\"your-options[]\" value=\"Acepto los t\u00e9rminos y condiciones del contrato\" \/><span class=\"wpcf7-list-item-label\">I accept the terms and conditions of the contract<\/span><\/span><span class=\"wpcf7-list-item last\"><input type=\"checkbox\" name=\"your-options[]\" value=\"Accepto Pol\u00edticas de Cookies\" \/><span class=\"wpcf7-list-item-label\">I accept Cookies Policies<\/span><\/span><\/span><\/span>\n<\/div>\n<p><button class=\"btn orange-btn\">Submit record<\/button>\n<\/div>\n<div class=\"wpcf7-response-output\" aria-hidden=\"true\"><\/div><input type=\"hidden\" name=\"trp-form-language\" value=\"en\"\/><\/form><\/div><\/div>\n\t\t\t\t<\/div>\n\t\t\t\t<\/div>\n\t\t\t\t\t<\/div>\n\t\t<\/div>\n\t\t\t\t\t\t\t<\/div>\n\t\t<\/section>\n\t\t\t\t\t\t<\/div>\n\t\t\t\t\t<\/div>","protected":false},"excerpt":{"rendered":"<p>Register and buy online<\/p>","protected":false},"author":1,"featured_media":0,"parent":0,"menu_order":0,"comment_status":"closed","ping_status":"closed","template":"page-template\/blank-page-sidebar.php","meta":[],"yoast_head":"<!-- This site is optimized with the Yoast SEO plugin v19.3 - https:\/\/yoast.com\/wordpress\/plugins\/seo\/ -->\n<title>Reg\u00edstrate y obt\u00e9n asesor\u00eda GRATIS - Operador del comercio Exterior<\/title>\n<meta name=\"robots\" content=\"index, follow, max-snippet:-1, max-image-preview:large, max-video-preview:-1\" \/>\n<link rel=\"canonical\" href=\"https:\/\/impex.pe\/en\/afiliate\/\" \/>\n<meta property=\"og:locale\" content=\"en_US\" \/>\n<meta property=\"og:type\" content=\"article\" \/>\n<meta property=\"og:title\" content=\"Reg\u00edstrate y obt\u00e9n asesor\u00eda GRATIS - Operador del comercio Exterior\" \/>\n<meta property=\"og:description\" content=\"Reg\u00edstrate y compra online\" \/>\n<meta property=\"og:url\" content=\"https:\/\/impex.pe\/en\/afiliate\/\" \/>\n<meta property=\"og:site_name\" content=\"Operador del comercio Exterior\" \/>\n<meta property=\"article:modified_time\" content=\"2022-07-23T18:03:14+00:00\" \/>\n<meta property=\"og:image\" content=\"https:\/\/impex.pe\/wp-content\/uploads\/2022\/07\/compras-online.png\" \/>\n<meta name=\"twitter:card\" content=\"summary_large_image\" \/>\n<meta name=\"twitter:label1\" content=\"Est. reading time\" \/>\n\t<meta name=\"twitter:data1\" content=\"1 minute\" \/>\n<script type=\"application\/ld+json\" class=\"yoast-schema-graph\">{\"@context\":\"https:\/\/schema.org\",\"@graph\":[{\"@type\":\"Organization\",\"@id\":\"https:\/\/impex.pe\/#organization\",\"name\":\"Impex Group\",\"url\":\"https:\/\/impex.pe\/\",\"sameAs\":[],\"logo\":{\"@type\":\"ImageObject\",\"inLanguage\":\"en-US\",\"@id\":\"https:\/\/impex.pe\/#\/schema\/logo\/image\/\",\"url\":\"https:\/\/impex.pe\/wp-content\/uploads\/2022\/07\/logo_impex.png\",\"contentUrl\":\"https:\/\/impex.pe\/wp-content\/uploads\/2022\/07\/logo_impex.png\",\"width\":217,\"height\":70,\"caption\":\"Impex Group\"},\"image\":{\"@id\":\"https:\/\/impex.pe\/#\/schema\/logo\/image\/\"}},{\"@type\":\"WebSite\",\"@id\":\"https:\/\/impex.pe\/#website\",\"url\":\"https:\/\/impex.pe\/\",\"name\":\"Operador del comercio Exterior\",\"description\":\"Operador\",\"publisher\":{\"@id\":\"https:\/\/impex.pe\/#organization\"},\"potentialAction\":[{\"@type\":\"SearchAction\",\"target\":{\"@type\":\"EntryPoint\",\"urlTemplate\":\"https:\/\/impex.pe\/?s={search_term_string}\"},\"query-input\":\"required name=search_term_string\"}],\"inLanguage\":\"en-US\"},{\"@type\":\"ImageObject\",\"inLanguage\":\"en-US\",\"@id\":\"https:\/\/impex.pe\/afiliate\/#primaryimage\",\"url\":\"https:\/\/impex.pe\/wp-content\/uploads\/2022\/07\/compras-online.png\",\"contentUrl\":\"https:\/\/impex.pe\/wp-content\/uploads\/2022\/07\/compras-online.png\",\"width\":648,\"height\":751},{\"@type\":\"WebPage\",\"@id\":\"https:\/\/impex.pe\/afiliate\/\",\"url\":\"https:\/\/impex.pe\/afiliate\/\",\"name\":\"Reg\u00edstrate y obt\u00e9n asesor\u00eda GRATIS - Operador del comercio Exterior\",\"isPartOf\":{\"@id\":\"https:\/\/impex.pe\/#website\"},\"primaryImageOfPage\":{\"@id\":\"https:\/\/impex.pe\/afiliate\/#primaryimage\"},\"datePublished\":\"2022-07-15T12:28:23+00:00\",\"dateModified\":\"2022-07-23T18:03:14+00:00\",\"breadcrumb\":{\"@id\":\"https:\/\/impex.pe\/afiliate\/#breadcrumb\"},\"inLanguage\":\"en-US\",\"potentialAction\":[{\"@type\":\"ReadAction\",\"target\":[\"https:\/\/impex.pe\/afiliate\/\"]}]},{\"@type\":\"BreadcrumbList\",\"@id\":\"https:\/\/impex.pe\/afiliate\/#breadcrumb\",\"itemListElement\":[{\"@type\":\"ListItem\",\"position\":1,\"name\":\"Portada\",\"item\":\"https:\/\/impex.pe\/\"},{\"@type\":\"ListItem\",\"position\":2,\"name\":\"Reg\u00edstrate y obt\u00e9n asesor\u00eda GRATIS\"}]}]}<\/script>\n<!-- \/ Yoast SEO plugin. -->","yoast_head_json":{"title":"Reg\u00edstrate y obt\u00e9n asesor\u00eda GRATIS - Operador del comercio Exterior","robots":{"index":"index","follow":"follow","max-snippet":"max-snippet:-1","max-image-preview":"max-image-preview:large","max-video-preview":"max-video-preview:-1"},"canonical":"https:\/\/impex.pe\/en\/afiliate\/","og_locale":"en_US","og_type":"article","og_title":"Reg\u00edstrate y obt\u00e9n asesor\u00eda GRATIS - Operador del comercio Exterior","og_description":"Reg\u00edstrate y compra online","og_url":"https:\/\/impex.pe\/en\/afiliate\/","og_site_name":"Operador del comercio Exterior","article_modified_time":"2022-07-23T18:03:14+00:00","og_image":[{"url":"https:\/\/impex.pe\/wp-content\/uploads\/2022\/07\/compras-online.png"}],"twitter_card":"summary_large_image","twitter_misc":{"Est. reading time":"1 minute"},"schema":{"@context":"https:\/\/schema.org","@graph":[{"@type":"Organization","@id":"https:\/\/impex.pe\/#organization","name":"Impex Group","url":"https:\/\/impex.pe\/","sameAs":[],"logo":{"@type":"ImageObject","inLanguage":"en-US","@id":"https:\/\/impex.pe\/#\/schema\/logo\/image\/","url":"https:\/\/impex.pe\/wp-content\/uploads\/2022\/07\/logo_impex.png","contentUrl":"https:\/\/impex.pe\/wp-content\/uploads\/2022\/07\/logo_impex.png","width":217,"height":70,"caption":"Impex Group"},"image":{"@id":"https:\/\/impex.pe\/#\/schema\/logo\/image\/"}},{"@type":"WebSite","@id":"https:\/\/impex.pe\/#website","url":"https:\/\/impex.pe\/","name":"Operador del comercio Exterior","description":"Operador","publisher":{"@id":"https:\/\/impex.pe\/#organization"},"potentialAction":[{"@type":"SearchAction","target":{"@type":"EntryPoint","urlTemplate":"https:\/\/impex.pe\/?s={search_term_string}"},"query-input":"required name=search_term_string"}],"inLanguage":"en-US"},{"@type":"ImageObject","inLanguage":"en-US","@id":"https:\/\/impex.pe\/afiliate\/#primaryimage","url":"https:\/\/impex.pe\/wp-content\/uploads\/2022\/07\/compras-online.png","contentUrl":"https:\/\/impex.pe\/wp-content\/uploads\/2022\/07\/compras-online.png","width":648,"height":751},{"@type":"WebPage","@id":"https:\/\/impex.pe\/afiliate\/","url":"https:\/\/impex.pe\/afiliate\/","name":"Reg\u00edstrate y obt\u00e9n asesor\u00eda GRATIS - Operador del comercio Exterior","isPartOf":{"@id":"https:\/\/impex.pe\/#website"},"primaryImageOfPage":{"@id":"https:\/\/impex.pe\/afiliate\/#primaryimage"},"datePublished":"2022-07-15T12:28:23+00:00","dateModified":"2022-07-23T18:03:14+00:00","breadcrumb":{"@id":"https:\/\/impex.pe\/afiliate\/#breadcrumb"},"inLanguage":"en-US","potentialAction":[{"@type":"ReadAction","target":["https:\/\/impex.pe\/afiliate\/"]}]},{"@type":"BreadcrumbList","@id":"https:\/\/impex.pe\/afiliate\/#breadcrumb","itemListElement":[{"@type":"ListItem","position":1,"name":"Portada","item":"https:\/\/impex.pe\/"},{"@type":"ListItem","position":2,"name":"Reg\u00edstrate y obt\u00e9n asesor\u00eda GRATIS"}]}]}},"_links":{"self":[{"href":"https:\/\/impex.pe\/en\/wp-json\/wp\/v2\/pages\/3195"}],"collection":[{"href":"https:\/\/impex.pe\/en\/wp-json\/wp\/v2\/pages"}],"about":[{"href":"https:\/\/impex.pe\/en\/wp-json\/wp\/v2\/types\/page"}],"author":[{"embeddable":true,"href":"https:\/\/impex.pe\/en\/wp-json\/wp\/v2\/users\/1"}],"replies":[{"embeddable":true,"href":"https:\/\/impex.pe\/en\/wp-json\/wp\/v2\/comments?post=3195"}],"version-history":[{"count":18,"href":"https:\/\/impex.pe\/en\/wp-json\/wp\/v2\/pages\/3195\/revisions"}],"predecessor-version":[{"id":3755,"href":"https:\/\/impex.pe\/en\/wp-json\/wp\/v2\/pages\/3195\/revisions\/3755"}],"wp:attachment":[{"href":"https:\/\/impex.pe\/en\/wp-json\/wp\/v2\/media?parent=3195"}],"curies":[{"name":"wp","href":"https:\/\/api.w.org\/{rel}","templated":true}]}}