{"id":1728,"date":"2020-04-02T09:18:20","date_gmt":"2020-04-02T09:18:20","guid":{"rendered":"http:\/\/pluginspoint.com\/geoport\/?page_id=1728"},"modified":"2022-07-19T23:56:36","modified_gmt":"2022-07-19T23:56:36","slug":"productos-prohibidos","status":"publish","type":"page","link":"https:\/\/impex.pe\/en\/productos-prohibidos\/","title":{"rendered":"Prohibited products"},"content":{"rendered":"<div data-elementor-type=\"wp-page\" data-elementor-id=\"1728\" class=\"elementor elementor-1728\" data-elementor-settings=\"[]\">\n\t\t\t\t\t\t\t<div class=\"elementor-section-wrap\">\n\t\t\t\t\t\t\t<section class=\"elementor-section elementor-top-section elementor-element elementor-element-df6ac65 elementor-section-boxed elementor-section-height-default elementor-section-height-default\" data-id=\"df6ac65\" data-element_type=\"section\">\n\t\t\t\t\t\t<div class=\"elementor-container elementor-column-gap-default\">\n\t\t\t\t\t<div class=\"elementor-column elementor-col-66 elementor-top-column elementor-element elementor-element-2af941a\" data-id=\"2af941a\" data-element_type=\"column\">\n\t\t\t<div class=\"elementor-widget-wrap elementor-element-populated\">\n\t\t\t\t\t\t\t\t<div class=\"elementor-element elementor-element-4e890a3 elementor-widget elementor-widget-geoport-accordion\" data-id=\"4e890a3\" data-element_type=\"widget\" data-widget_type=\"geoport-accordion.default\">\n\t\t\t\t<div class=\"elementor-widget-container\">\n\t\t\t<div class=\"faq-wrapper\">\n   <div class=\"accordion\" id=\"accordionExample69e2361410cde\">\n   \t\n      <div class=\"card card-border\">\n         <div class=\"card-header\" id=\"heading381943\">\n            <h5 class=\"mb-0\">\n               <a href=\"#\" class=\"btn-link collapsed\" data-toggle=\"collapse\" data-target=\"#collapse381943\" aria-expanded=\"false\"  aria-controls=\"collapse381943\">\n                  <span>01<\/span>Firearms, ammunition, explosives<i class=\"open far fa-arrow-up\"><\/i><i class=\"close far fa-arrow-down\"><\/i> \n\n               <\/a>\n            <\/h5>\n         <\/div>\n         <div id=\"collapse381943\" class=\"collapse\" aria-labelledby=\"heading381943\" data-parent=\"#accordionExample69e2361410cde\">\n            <div class=\"card-body\">\n               Firearms, ammunition, explosives\/complete explosive devices, including inert explosives and test pieces, air guns, replicas, and imitation firearms.            <\/div>\n         <\/div>\n      <\/div>\n\n      \n      <div class=\"card card-border\">\n         <div class=\"card-header\" id=\"heading527972\">\n            <h5 class=\"mb-0\">\n               <a href=\"#\" class=\"btn-link collapsed\" data-toggle=\"collapse\" data-target=\"#collapse527972\" aria-expanded=\"false\"  aria-controls=\"collapse527972\">\n                  <span>02<\/span>Hunting trophies (animals)<i class=\"open far fa-arrow-up\"><\/i><i class=\"close far fa-arrow-down\"><\/i> \n\n               <\/a>\n            <\/h5>\n         <\/div>\n         <div id=\"collapse527972\" class=\"collapse\" aria-labelledby=\"heading527972\" data-parent=\"#accordionExample69e2361410cde\">\n            <div class=\"card-body\">\n               Hunting trophies (animals), animal parts such as ivory and shark fins, animal remains or animal by-products and derived products not intended for human consumption, prohibited for movement by the CITES Convention and\/or local law.            <\/div>\n         <\/div>\n      <\/div>\n\n      \n      <div class=\"card card-border\">\n         <div class=\"card-header\" id=\"heading887976\">\n            <h5 class=\"mb-0\">\n               <a href=\"#\" class=\"btn-link collapsed\" data-toggle=\"collapse\" data-target=\"#collapse887976\" aria-expanded=\"false\"  aria-controls=\"collapse887976\">\n                  <span>03<\/span>Live animals <i class=\"open far fa-arrow-up\"><\/i><i class=\"close far fa-arrow-down\"><\/i> \n\n               <\/a>\n            <\/h5>\n         <\/div>\n         <div id=\"collapse887976\" class=\"collapse\" aria-labelledby=\"heading887976\" data-parent=\"#accordionExample69e2361410cde\">\n            <div class=\"card-body\">\n               Live animals (including: insects, larvae and pupae)            <\/div>\n         <\/div>\n      <\/div>\n\n      \n      <div class=\"card card-border\">\n         <div class=\"card-header\" id=\"heading334292\">\n            <h5 class=\"mb-0\">\n               <a href=\"#\" class=\"btn-link collapsed\" data-toggle=\"collapse\" data-target=\"#collapse334292\" aria-expanded=\"false\"  aria-controls=\"collapse334292\">\n                  <span>04<\/span>Cash<i class=\"open far fa-arrow-up\"><\/i><i class=\"close far fa-arrow-down\"><\/i> \n\n               <\/a>\n            <\/h5>\n         <\/div>\n         <div id=\"collapse334292\" class=\"collapse\" aria-labelledby=\"heading334292\" data-parent=\"#accordionExample69e2361410cde\">\n            <div class=\"card-body\">\n               Cash (current legal tender, banknotes, bills and\/or coins).            <\/div>\n         <\/div>\n      <\/div>\n\n      \n      <div class=\"card card-border\">\n         <div class=\"card-header\" id=\"heading666004\">\n            <h5 class=\"mb-0\">\n               <a href=\"#\" class=\"btn-link collapsed\" data-toggle=\"collapse\" data-target=\"#collapse666004\" aria-expanded=\"false\"  aria-controls=\"collapse666004\">\n                  <span>05<\/span>ingots <i class=\"open far fa-arrow-up\"><\/i><i class=\"close far fa-arrow-down\"><\/i> \n\n               <\/a>\n            <\/h5>\n         <\/div>\n         <div id=\"collapse666004\" class=\"collapse\" aria-labelledby=\"heading666004\" data-parent=\"#accordionExample69e2361410cde\">\n            <div class=\"card-body\">\n               Lingotes (generalmente, entre otros, oro o plata en masa, por ejemplo, lingotes de oro o lingotes)            <\/div>\n         <\/div>\n      <\/div>\n\n      \n      <div class=\"card card-border\">\n         <div class=\"card-header\" id=\"heading781718\">\n            <h5 class=\"mb-0\">\n               <a href=\"#\" class=\"btn-link collapsed\" data-toggle=\"collapse\" data-target=\"#collapse781718\" aria-expanded=\"false\"  aria-controls=\"collapse781718\">\n                  <span>06<\/span>Human remains<i class=\"open far fa-arrow-up\"><\/i><i class=\"close far fa-arrow-down\"><\/i> \n\n               <\/a>\n            <\/h5>\n         <\/div>\n         <div id=\"collapse781718\" class=\"collapse\" aria-labelledby=\"heading781718\" data-parent=\"#accordionExample69e2361410cde\">\n            <div class=\"card-body\">\n               Human remains or ashes in any form.            <\/div>\n         <\/div>\n      <\/div>\n\n      \n      <div class=\"card card-border\">\n         <div class=\"card-header\" id=\"heading227598\">\n            <h5 class=\"mb-0\">\n               <a href=\"#\" class=\"btn-link collapsed\" data-toggle=\"collapse\" data-target=\"#collapse227598\" aria-expanded=\"false\"  aria-controls=\"collapse227598\">\n                  <span>07<\/span>Illegal products<i class=\"open far fa-arrow-up\"><\/i><i class=\"close far fa-arrow-down\"><\/i> \n\n               <\/a>\n            <\/h5>\n         <\/div>\n         <div id=\"collapse227598\" class=\"collapse\" aria-labelledby=\"heading227598\" data-parent=\"#accordionExample69e2361410cde\">\n            <div class=\"card-body\">\n               Illegal products (for example, narcotics or counterfeit items).            <\/div>\n         <\/div>\n      <\/div>\n\n      \n      <div class=\"card card-border\">\n         <div class=\"card-header\" id=\"heading786333\">\n            <h5 class=\"mb-0\">\n               <a href=\"#\" class=\"btn-link collapsed\" data-toggle=\"collapse\" data-target=\"#collapse786333\" aria-expanded=\"false\"  aria-controls=\"collapse786333\">\n                  <span>08<\/span>Loose precious and semi-precious stones<i class=\"open far fa-arrow-up\"><\/i><i class=\"close far fa-arrow-down\"><\/i> \n\n               <\/a>\n            <\/h5>\n         <\/div>\n         <div id=\"collapse786333\" class=\"collapse\" aria-labelledby=\"heading786333\" data-parent=\"#accordionExample69e2361410cde\">\n            <div class=\"card-body\">\n               Loose precious and semi-precious stones (cut or uncut, polished or unpolished).            <\/div>\n         <\/div>\n      <\/div>\n\n      \n      <div class=\"card card-border\">\n         <div class=\"card-header\" id=\"heading715047\">\n            <h5 class=\"mb-0\">\n               <a href=\"#\" class=\"btn-link collapsed\" data-toggle=\"collapse\" data-target=\"#collapse715047\" aria-expanded=\"false\"  aria-controls=\"collapse715047\">\n                  <span>08<\/span>Counterfeit products<i class=\"open far fa-arrow-up\"><\/i><i class=\"close far fa-arrow-down\"><\/i> \n\n               <\/a>\n            <\/h5>\n         <\/div>\n         <div id=\"collapse715047\" class=\"collapse\" aria-labelledby=\"heading715047\" data-parent=\"#accordionExample69e2361410cde\">\n            <div class=\"card-body\">\n               Counterfeit products that violate the DPI.            <\/div>\n         <\/div>\n      <\/div>\n\n      \n    <\/div>\n<\/div>\n\n\t\t<\/div>\n\t\t\t\t<\/div>\n\t\t\t\t\t<\/div>\n\t\t<\/div>\n\t\t\t\t<div class=\"elementor-column elementor-col-33 elementor-top-column elementor-element elementor-element-758eb90\" data-id=\"758eb90\" data-element_type=\"column\">\n\t\t\t<div class=\"elementor-widget-wrap elementor-element-populated\">\n\t\t\t\t\t\t\t\t<section class=\"elementor-section elementor-inner-section elementor-element elementor-element-ad83171 elementor-section-boxed elementor-section-height-default elementor-section-height-default\" data-id=\"ad83171\" data-element_type=\"section\" data-settings=\"{&quot;background_background&quot;:&quot;classic&quot;}\">\n\t\t\t\t\t\t<div class=\"elementor-container elementor-column-gap-default\">\n\t\t\t\t\t<div class=\"elementor-column elementor-col-100 elementor-inner-column elementor-element elementor-element-97ed5a0\" data-id=\"97ed5a0\" data-element_type=\"column\">\n\t\t\t<div class=\"elementor-widget-wrap elementor-element-populated\">\n\t\t\t\t\t\t\t\t<div class=\"elementor-element elementor-element-1bf3756 elementor-widget elementor-widget-heading\" data-id=\"1bf3756\" data-element_type=\"widget\" data-widget_type=\"heading.default\">\n\t\t\t\t<div class=\"elementor-widget-container\">\n\t\t\t<style>\/*! elementor - v3.5.5 - 03-02-2022 *\/\n.elementor-heading-title{padding:0;margin:0;line-height:1}.elementor-widget-heading .elementor-heading-title[class*=elementor-size-]>a{color:inherit;font-size:inherit;line-height:inherit}.elementor-widget-heading .elementor-heading-title.elementor-size-small{font-size:15px}.elementor-widget-heading .elementor-heading-title.elementor-size-medium{font-size:19px}.elementor-widget-heading .elementor-heading-title.elementor-size-large{font-size:29px}.elementor-widget-heading .elementor-heading-title.elementor-size-xl{font-size:39px}.elementor-widget-heading .elementor-heading-title.elementor-size-xxl{font-size:59px}<\/style><span class=\"elementor-heading-title elementor-size-default\">Get in touch<\/span>\t\t<\/div>\n\t\t\t\t<\/div>\n\t\t\t\t<div class=\"elementor-element elementor-element-8a88ed2 elementor-widget elementor-widget-heading\" data-id=\"8a88ed2\" data-element_type=\"widget\" data-widget_type=\"heading.default\">\n\t\t\t\t<div class=\"elementor-widget-container\">\n\t\t\t<h2 class=\"elementor-heading-title elementor-size-default\">Do you have any questions?<\/h2>\t\t<\/div>\n\t\t\t\t<\/div>\n\t\t\t\t<div class=\"elementor-element elementor-element-affec4c elementor-widget elementor-widget-geoport-button\" data-id=\"affec4c\" data-element_type=\"widget\" data-widget_type=\"geoport-button.default\">\n\t\t\t\t<div class=\"elementor-widget-container\">\n\t\t\t\t\t<div class=\"geoport-button-wrapper\">\r\n\t\t<a href=\"https:\/\/impex.pe\/en\/contactanos\/\" target=\"_blank\" rel=\"nofollow\" class=\"geoport-btn btn\"><i class=\"fas fa-long-arrow-right\">\r\n\t\t\t<\/i>Consult<\/a>\t\t<\/div>\r\n\t\t\t<\/div>\n\t\t\t\t<\/div>\n\t\t\t\t\t<\/div>\n\t\t<\/div>\n\t\t\t\t\t\t\t<\/div>\n\t\t<\/section>\n\t\t\t\t<section class=\"elementor-section elementor-inner-section elementor-element elementor-element-6a448d5 elementor-section-boxed elementor-section-height-default elementor-section-height-default\" data-id=\"6a448d5\" data-element_type=\"section\" data-settings=\"{&quot;background_background&quot;:&quot;classic&quot;}\">\n\t\t\t\t\t\t<div class=\"elementor-container elementor-column-gap-default\">\n\t\t\t\t\t<div class=\"elementor-column elementor-col-100 elementor-inner-column elementor-element elementor-element-d40149a\" data-id=\"d40149a\" data-element_type=\"column\">\n\t\t\t<div class=\"elementor-widget-wrap elementor-element-populated\">\n\t\t\t\t\t\t\t\t<div class=\"elementor-element elementor-element-6e7615a elementor-widget elementor-widget-heading\" data-id=\"6e7615a\" data-element_type=\"widget\" data-widget_type=\"heading.default\">\n\t\t\t\t<div class=\"elementor-widget-container\">\n\t\t\t<span class=\"elementor-heading-title elementor-size-default\">Contact us\n<\/span>\t\t<\/div>\n\t\t\t\t<\/div>\n\t\t\t\t<div class=\"elementor-element elementor-element-92552e5 elementor-widget elementor-widget-heading\" data-id=\"92552e5\" data-element_type=\"widget\" data-widget_type=\"heading.default\">\n\t\t\t\t<div class=\"elementor-widget-container\">\n\t\t\t<h2 class=\"elementor-heading-title elementor-size-default\">Send Message<\/h2>\t\t<\/div>\n\t\t\t\t<\/div>\n\t\t\t\t<div class=\"elementor-element elementor-element-42dff63 faq-side-form elementor-widget elementor-widget-shortcode\" data-id=\"42dff63\" data-element_type=\"widget\" data-widget_type=\"shortcode.default\">\n\t\t\t\t<div class=\"elementor-widget-container\">\n\t\t\t\t\t<div class=\"elementor-shortcode\"><div role=\"form\" class=\"wpcf7\" id=\"wpcf7-f1790-o1\" lang=\"en-US\" dir=\"ltr\">\n<div class=\"screen-reader-response\"><p role=\"status\" aria-live=\"polite\" aria-atomic=\"true\"><\/p> <ul><\/ul><\/div>\n<form action=\"\/en\/wp-json\/wp\/v2\/pages\/1728#wpcf7-f1790-o1\" method=\"post\" class=\"wpcf7-form init\" novalidate=\"novalidate\" data-status=\"init\" data-trp-original-action=\"\/en\/wp-json\/wp\/v2\/pages\/1728#wpcf7-f1790-o1\">\n<div style=\"display: none;\">\n<input type=\"hidden\" name=\"_wpcf7\" value=\"1790\" \/>\n<input type=\"hidden\" name=\"_wpcf7_version\" value=\"5.6\" \/>\n<input type=\"hidden\" name=\"_wpcf7_locale\" value=\"en_US\" \/>\n<input type=\"hidden\" name=\"_wpcf7_unit_tag\" value=\"wpcf7-f1790-o1\" \/>\n<input type=\"hidden\" name=\"_wpcf7_container_post\" value=\"0\" \/>\n<input type=\"hidden\" name=\"_wpcf7_posted_data_hash\" value=\"\" \/>\n<\/div>\n<div class=\"sidebar-form-group\"><i class=\"fal fa-user\"><\/i><span class=\"wpcf7-form-control-wrap\" data-name=\"your-name\"><input type=\"text\" name=\"your-name\" value=\"\" size=\"40\" class=\"wpcf7-form-control wpcf7-text wpcf7-validates-as-required\" aria-required=\"true\" aria-invalid=\"false\" placeholder=\"Names\" \/><\/span><\/div>\n<div class=\"sidebar-form-group\"><i class=\"fal fa-envelope\"><\/i><span class=\"wpcf7-form-control-wrap\" data-name=\"your-email\"><input type=\"email\" name=\"your-email\" value=\"\" size=\"40\" class=\"wpcf7-form-control wpcf7-text wpcf7-email wpcf7-validates-as-required wpcf7-validates-as-email\" aria-required=\"true\" aria-invalid=\"false\" placeholder=\"E-mail\" \/><\/span><\/div>\n<div class=\"sidebar-form-group\"><i class=\"fal fa-edit\"><\/i><span class=\"wpcf7-form-control-wrap\" data-name=\"your-message\"><textarea name=\"your-message\" cols=\"40\" rows=\"10\" class=\"wpcf7-form-control wpcf7-textarea\" aria-invalid=\"false\" placeholder=\"message\"><\/textarea><\/span><\/div>\n<p><button class=\"btn yellow-btn\">Send<\/button><\/p>\n<div class=\"wpcf7-response-output\" aria-hidden=\"true\"><\/div><input type=\"hidden\" name=\"trp-form-language\" value=\"en\"\/><\/form><\/div><\/div>\n\t\t\t\t<\/div>\n\t\t\t\t<\/div>\n\t\t\t\t\t<\/div>\n\t\t<\/div>\n\t\t\t\t\t\t\t<\/div>\n\t\t<\/section>\n\t\t\t\t\t<\/div>\n\t\t<\/div>\n\t\t\t\t\t\t\t<\/div>\n\t\t<\/section>\n\t\t\t\t<section class=\"elementor-section elementor-top-section elementor-element elementor-element-09e3db5 s-contact-area elementor-section-boxed elementor-section-height-default elementor-section-height-default\" data-id=\"09e3db5\" data-element_type=\"section\" data-settings=\"{&quot;background_background&quot;:&quot;classic&quot;}\">\n\t\t\t\t\t\t<div class=\"elementor-container elementor-column-gap-default\">\n\t\t\t\t\t<div class=\"elementor-column elementor-col-50 elementor-top-column elementor-element elementor-element-20397a7\" data-id=\"20397a7\" data-element_type=\"column\">\n\t\t\t<div class=\"elementor-widget-wrap elementor-element-populated\">\n\t\t\t\t\t\t\t\t<div class=\"elementor-element elementor-element-7a2372a elementor-widget elementor-widget-section-head\" data-id=\"7a2372a\" data-element_type=\"widget\" data-widget_type=\"section-head.default\">\n\t\t\t\t<div class=\"elementor-widget-container\">\n\t\t\t\t\t<div class=\"section-title\">\r\n\t\t\t            <span class=\"line wow\">Contact us<\/span>\r\n                        <h2>\r\n            \t            \t<span class=\"tl1\" >Communicate<\/span>\r\n            \t            \t<span class=\"tl2\" >Now<\/span>\r\n            \t            <\/h2>\r\n                  <\/div>\r\n\t\t\t<\/div>\n\t\t\t\t<\/div>\n\t\t\t\t\t<\/div>\n\t\t<\/div>\n\t\t\t\t<div class=\"elementor-column elementor-col-50 elementor-top-column elementor-element elementor-element-f0ccd75\" data-id=\"f0ccd75\" data-element_type=\"column\">\n\t\t\t<div class=\"elementor-widget-wrap elementor-element-populated\">\n\t\t\t\t\t\t\t\t<div class=\"elementor-element elementor-element-6e1d21c elementor-widget elementor-widget-html\" data-id=\"6e1d21c\" data-element_type=\"widget\" data-widget_type=\"html.default\">\n\t\t\t\t<div class=\"elementor-widget-container\">\n\t\t\t<div class=\"contact-title-btn text-right\">\r\n    <a class=\"btn\" href=\"tel:897686547548\">Call us now <span>970523599<\/span><\/a>\r\n<\/div>\t\t<\/div>\n\t\t\t\t<\/div>\n\t\t\t\t\t<\/div>\n\t\t<\/div>\n\t\t\t\t\t\t\t<\/div>\n\t\t<\/section>\n\t\t\t\t\t\t<\/div>\n\t\t\t\t\t<\/div>","protected":false},"excerpt":{"rendered":"<p>01Armas de fuego, municiones, explosivos Armas de fuego, municiones, explosivos\/dispositivos explosivos completos, incluidos explosivos inertes y piezas de prueba, pistolas de aire, r\u00e9plicas y armas de fuego de imitaci\u00f3n. 02Trofeos de caza (animales) Trofeos de caza (animales), partes de animales como marfil y aletas de tibur\u00f3n, restos de animales o subproductos animales y productos derivados [&hellip;]<\/p>","protected":false},"author":1,"featured_media":0,"parent":0,"menu_order":0,"comment_status":"closed","ping_status":"closed","template":"page-template\/blank-page-sidebar.php","meta":[],"yoast_head":"<!-- This site is optimized with the Yoast SEO plugin v19.3 - https:\/\/yoast.com\/wordpress\/plugins\/seo\/ -->\n<title>Productos prohibidos - Operador del comercio Exterior<\/title>\n<meta name=\"robots\" content=\"index, follow, max-snippet:-1, max-image-preview:large, max-video-preview:-1\" \/>\n<link rel=\"canonical\" href=\"https:\/\/impex.pe\/en\/productos-prohibidos\/\" \/>\n<meta property=\"og:locale\" content=\"en_US\" \/>\n<meta property=\"og:type\" content=\"article\" \/>\n<meta property=\"og:title\" content=\"Productos prohibidos - Operador del comercio Exterior\" \/>\n<meta property=\"og:description\" content=\"01Armas de fuego, municiones, explosivos Armas de fuego, municiones, explosivos\/dispositivos explosivos completos, incluidos explosivos inertes y piezas de prueba, pistolas de aire, r\u00e9plicas y armas de fuego de imitaci\u00f3n. 02Trofeos de caza (animales) Trofeos de caza (animales), partes de animales como marfil y aletas de tibur\u00f3n, restos de animales o subproductos animales y productos derivados [&hellip;]\" \/>\n<meta property=\"og:url\" content=\"https:\/\/impex.pe\/en\/productos-prohibidos\/\" \/>\n<meta property=\"og:site_name\" content=\"Operador del comercio Exterior\" \/>\n<meta property=\"article:modified_time\" content=\"2022-07-19T23:56:36+00:00\" \/>\n<meta name=\"twitter:card\" content=\"summary_large_image\" \/>\n<meta name=\"twitter:label1\" content=\"Est. reading time\" \/>\n\t<meta name=\"twitter:data1\" content=\"1 minute\" \/>\n<script type=\"application\/ld+json\" class=\"yoast-schema-graph\">{\"@context\":\"https:\/\/schema.org\",\"@graph\":[{\"@type\":\"Organization\",\"@id\":\"https:\/\/impex.pe\/#organization\",\"name\":\"Impex Group\",\"url\":\"https:\/\/impex.pe\/\",\"sameAs\":[],\"logo\":{\"@type\":\"ImageObject\",\"inLanguage\":\"en-US\",\"@id\":\"https:\/\/impex.pe\/#\/schema\/logo\/image\/\",\"url\":\"https:\/\/impex.pe\/wp-content\/uploads\/2022\/07\/logo_impex.png\",\"contentUrl\":\"https:\/\/impex.pe\/wp-content\/uploads\/2022\/07\/logo_impex.png\",\"width\":217,\"height\":70,\"caption\":\"Impex Group\"},\"image\":{\"@id\":\"https:\/\/impex.pe\/#\/schema\/logo\/image\/\"}},{\"@type\":\"WebSite\",\"@id\":\"https:\/\/impex.pe\/#website\",\"url\":\"https:\/\/impex.pe\/\",\"name\":\"Operador del comercio Exterior\",\"description\":\"Operador\",\"publisher\":{\"@id\":\"https:\/\/impex.pe\/#organization\"},\"potentialAction\":[{\"@type\":\"SearchAction\",\"target\":{\"@type\":\"EntryPoint\",\"urlTemplate\":\"https:\/\/impex.pe\/?s={search_term_string}\"},\"query-input\":\"required name=search_term_string\"}],\"inLanguage\":\"en-US\"},{\"@type\":\"WebPage\",\"@id\":\"https:\/\/impex.pe\/productos-prohibidos\/\",\"url\":\"https:\/\/impex.pe\/productos-prohibidos\/\",\"name\":\"Productos prohibidos - Operador del comercio Exterior\",\"isPartOf\":{\"@id\":\"https:\/\/impex.pe\/#website\"},\"datePublished\":\"2020-04-02T09:18:20+00:00\",\"dateModified\":\"2022-07-19T23:56:36+00:00\",\"breadcrumb\":{\"@id\":\"https:\/\/impex.pe\/productos-prohibidos\/#breadcrumb\"},\"inLanguage\":\"en-US\",\"potentialAction\":[{\"@type\":\"ReadAction\",\"target\":[\"https:\/\/impex.pe\/productos-prohibidos\/\"]}]},{\"@type\":\"BreadcrumbList\",\"@id\":\"https:\/\/impex.pe\/productos-prohibidos\/#breadcrumb\",\"itemListElement\":[{\"@type\":\"ListItem\",\"position\":1,\"name\":\"Portada\",\"item\":\"https:\/\/impex.pe\/\"},{\"@type\":\"ListItem\",\"position\":2,\"name\":\"Productos prohibidos\"}]}]}<\/script>\n<!-- \/ Yoast SEO plugin. -->","yoast_head_json":{"title":"Productos prohibidos - Operador del comercio Exterior","robots":{"index":"index","follow":"follow","max-snippet":"max-snippet:-1","max-image-preview":"max-image-preview:large","max-video-preview":"max-video-preview:-1"},"canonical":"https:\/\/impex.pe\/en\/productos-prohibidos\/","og_locale":"en_US","og_type":"article","og_title":"Productos prohibidos - Operador del comercio Exterior","og_description":"01Armas de fuego, municiones, explosivos Armas de fuego, municiones, explosivos\/dispositivos explosivos completos, incluidos explosivos inertes y piezas de prueba, pistolas de aire, r\u00e9plicas y armas de fuego de imitaci\u00f3n. 02Trofeos de caza (animales) Trofeos de caza (animales), partes de animales como marfil y aletas de tibur\u00f3n, restos de animales o subproductos animales y productos derivados [&hellip;]","og_url":"https:\/\/impex.pe\/en\/productos-prohibidos\/","og_site_name":"Operador del comercio Exterior","article_modified_time":"2022-07-19T23:56:36+00:00","twitter_card":"summary_large_image","twitter_misc":{"Est. reading time":"1 minute"},"schema":{"@context":"https:\/\/schema.org","@graph":[{"@type":"Organization","@id":"https:\/\/impex.pe\/#organization","name":"Impex Group","url":"https:\/\/impex.pe\/","sameAs":[],"logo":{"@type":"ImageObject","inLanguage":"en-US","@id":"https:\/\/impex.pe\/#\/schema\/logo\/image\/","url":"https:\/\/impex.pe\/wp-content\/uploads\/2022\/07\/logo_impex.png","contentUrl":"https:\/\/impex.pe\/wp-content\/uploads\/2022\/07\/logo_impex.png","width":217,"height":70,"caption":"Impex Group"},"image":{"@id":"https:\/\/impex.pe\/#\/schema\/logo\/image\/"}},{"@type":"WebSite","@id":"https:\/\/impex.pe\/#website","url":"https:\/\/impex.pe\/","name":"Operador del comercio Exterior","description":"Operador","publisher":{"@id":"https:\/\/impex.pe\/#organization"},"potentialAction":[{"@type":"SearchAction","target":{"@type":"EntryPoint","urlTemplate":"https:\/\/impex.pe\/?s={search_term_string}"},"query-input":"required name=search_term_string"}],"inLanguage":"en-US"},{"@type":"WebPage","@id":"https:\/\/impex.pe\/productos-prohibidos\/","url":"https:\/\/impex.pe\/productos-prohibidos\/","name":"Productos prohibidos - Operador del comercio Exterior","isPartOf":{"@id":"https:\/\/impex.pe\/#website"},"datePublished":"2020-04-02T09:18:20+00:00","dateModified":"2022-07-19T23:56:36+00:00","breadcrumb":{"@id":"https:\/\/impex.pe\/productos-prohibidos\/#breadcrumb"},"inLanguage":"en-US","potentialAction":[{"@type":"ReadAction","target":["https:\/\/impex.pe\/productos-prohibidos\/"]}]},{"@type":"BreadcrumbList","@id":"https:\/\/impex.pe\/productos-prohibidos\/#breadcrumb","itemListElement":[{"@type":"ListItem","position":1,"name":"Portada","item":"https:\/\/impex.pe\/"},{"@type":"ListItem","position":2,"name":"Productos prohibidos"}]}]}},"_links":{"self":[{"href":"https:\/\/impex.pe\/en\/wp-json\/wp\/v2\/pages\/1728"}],"collection":[{"href":"https:\/\/impex.pe\/en\/wp-json\/wp\/v2\/pages"}],"about":[{"href":"https:\/\/impex.pe\/en\/wp-json\/wp\/v2\/types\/page"}],"author":[{"embeddable":true,"href":"https:\/\/impex.pe\/en\/wp-json\/wp\/v2\/users\/1"}],"replies":[{"embeddable":true,"href":"https:\/\/impex.pe\/en\/wp-json\/wp\/v2\/comments?post=1728"}],"version-history":[{"count":14,"href":"https:\/\/impex.pe\/en\/wp-json\/wp\/v2\/pages\/1728\/revisions"}],"predecessor-version":[{"id":3356,"href":"https:\/\/impex.pe\/en\/wp-json\/wp\/v2\/pages\/1728\/revisions\/3356"}],"wp:attachment":[{"href":"https:\/\/impex.pe\/en\/wp-json\/wp\/v2\/media?parent=1728"}],"curies":[{"name":"wp","href":"https:\/\/api.w.org\/{rel}","templated":true}]}}